{"id":3214,"date":"2026-03-17T07:27:21","date_gmt":"2026-03-17T07:27:21","guid":{"rendered":"https:\/\/turismocampodemontiel.es\/?page_id=3214"},"modified":"2026-04-10T07:11:12","modified_gmt":"2026-04-10T07:11:12","slug":"avisos-legales","status":"publish","type":"page","link":"https:\/\/turismocampodemontiel.es\/en\/avisos-legales\/","title":{"rendered":"Legal Notices"},"content":{"rendered":"<div data-elementor-type=\"wp-page\" data-elementor-id=\"3214\" class=\"elementor elementor-3214\" data-elementor-post-type=\"page\">\n\t\t\t\t<div class=\"elementor-element elementor-element-33b9067 e-flex e-con-boxed e-con e-parent\" data-id=\"33b9067\" data-element_type=\"container\" data-e-type=\"container\" data-settings=\"{&quot;background_background&quot;:&quot;classic&quot;}\">\n\t\t\t\t\t<div class=\"e-con-inner\">\n\t\t\t\t<div class=\"elementor-element elementor-element-805127d elementor-view-framed elementor-shape-rounded elementor-position-block-start elementor-mobile-position-block-start elementor-widget elementor-widget-icon-box\" data-id=\"805127d\" data-element_type=\"widget\" data-e-type=\"widget\" data-widget_type=\"icon-box.default\">\n\t\t\t\t\t\t\t<div class=\"elementor-icon-box-wrapper\">\n\n\t\t\t\t\t\t<div class=\"elementor-icon-box-icon\">\n\t\t\t\t<span  class=\"elementor-icon\">\n\t\t\t\t<svg aria-hidden=\"true\" class=\"e-font-icon-svg e-fas-balance-scale\" viewbox=\"0 0 640 512\" xmlns=\"http:\/\/www.w3.org\/2000\/svg\"><path d=\"M256 336h-.02c0-16.18 1.34-8.73-85.05-181.51-17.65-35.29-68.19-35.36-85.87 0C-2.06 328.75.02 320.33.02 336H0c0 44.18 57.31 80 128 80s128-35.82 128-80zM128 176l72 144H56l72-144zm511.98 160c0-16.18 1.34-8.73-85.05-181.51-17.65-35.29-68.19-35.36-85.87 0-87.12 174.26-85.04 165.84-85.04 181.51H384c0 44.18 57.31 80 128 80s128-35.82 128-80h-.02zM440 320l72-144 72 144H440zm88 128H352V153.25c23.51-10.29 41.16-31.48 46.39-57.25H528c8.84 0 16-7.16 16-16V48c0-8.84-7.16-16-16-16H383.64C369.04 12.68 346.09 0 320 0s-49.04 12.68-63.64 32H112c-8.84 0-16 7.16-16 16v32c0 8.84 7.16 16 16 16h129.61c5.23 25.76 22.87 46.96 46.39 57.25V448H112c-8.84 0-16 7.16-16 16v32c0 8.84 7.16 16 16 16h416c8.84 0 16-7.16 16-16v-32c0-8.84-7.16-16-16-16z\"><\/path><\/svg>\t\t\t\t<\/span>\n\t\t\t<\/div>\n\t\t\t\n\t\t\t\t\t\t<div class=\"elementor-icon-box-content\">\n\n\t\t\t\t\t\t\t\t\t<h1 class=\"elementor-icon-box-title\">\n\t\t\t\t\t\t<span  >\n\t\t\t\t\t\t\tLegal Notices\t\t\t\t\t\t<\/span>\n\t\t\t\t\t<\/h1>\n\t\t\t\t\n\t\t\t\t\n\t\t\t<\/div>\n\t\t\t\n\t\t<\/div>\n\t\t\t\t\t\t<\/div>\n\t\t\t\t\t<\/div>\n\t\t\t\t<\/div>\n\t\t<div class=\"elementor-element elementor-element-a3f2b58 e-flex e-con-boxed e-con e-parent\" data-id=\"a3f2b58\" data-element_type=\"container\" data-e-type=\"container\">\n\t\t\t\t\t<div class=\"e-con-inner\">\n\t\t\t\t<div class=\"elementor-element elementor-element-018346a elementor-widget elementor-widget-text-editor\" data-id=\"018346a\" data-element_type=\"widget\" data-e-type=\"widget\" data-widget_type=\"text-editor.default\">\n\t\t\t\t\t\t\t\t\t<h4>1. Titularidad del portal<\/h4><p>Este Sitio Web es una creaci\u00f3n de la Diputaci\u00f3n de Ciudad Real para TURISMO CAMPO DE MONTIEL con domicilio en Ciudad Real, Calle Toledo, 17 CP 13071 Ciudad Real, CIF P1300000E.<\/p><p>El portal de TURISMO CAMPO DE MONTIEL est\u00e1 destinado a ofrecer informaci\u00f3n a los usuarios del mismo sobre sus contenidos y servicios, as\u00ed como ofrecer un canal de comunicaci\u00f3n entre recursos y visitantes.<\/p><p>El acceso a todas sus p\u00e1ginas es gratuito y an\u00f3nimo salvo en aquellas zonas en que, por seguridad, se solicita el registro del usuario para su acceso a esa zona. TURISMO CAMPO DE MONTIEL se reserva el derecho a modificar la presentaci\u00f3n, configuraci\u00f3n y los servicios ofrecidos en el mismo.<\/p><h4>\u00a0<\/h4><h4>2. Condiciones Generales de\u00a0Utilizaci\u00f3n y Aceptaci\u00f3n de las mismas<\/h4><p>Las presentes condiciones generales de utilizaci\u00f3n de este sitio web www.turismocampodemontiel.es junto con las condiciones generales de contrataci\u00f3n de los servicios que se presten en el mismo, as\u00ed como cualesquiera otras condiciones particulares que puedan establecerse, tienen por finalidad la regulaci\u00f3n e informaci\u00f3n a los usuarios de los servicios de TURISMO CAMPO DE MONTIEL y la regulaci\u00f3n del uso del portal.<\/p><p>La navegaci\u00f3n y la utilizaci\u00f3n de los servicios del portal suponen la aceptaci\u00f3n como usuario y sin reservas de ning\u00fan tipo, de todas las condiciones generales de utilizaci\u00f3n, de las condiciones generales de contrataci\u00f3n y cualesquiera otras que puedan existir en relaci\u00f3n con la prestaci\u00f3n de servicios de TURISMO CAMPO DE MONTIEL.<\/p><p>TURISMO CAMPO DE MONTIEL podr\u00e1 en todo momento y sin previo aviso, modificar las presentes condiciones generales, as\u00ed como las condiciones generales de contrataci\u00f3n y las condiciones generales que se incluyan mediante la publicaci\u00f3n de las citadas modificaciones en el portal a fin de que sean conocidas con car\u00e1cter previo por los usuarios.<\/p><h4>3. Pol\u00edtica de Protecci\u00f3n de Datos de Car\u00e1cter Personal<\/h4><h5>3.1 Protecci\u00f3n de Datos:<\/h5><p>To offer the greatest legal guarantee regarding the protection of user data, the website turismocampodemontiel.es complies with the requirements of Regulation (EU) 2016\/679 of the European Parliament and of the Council of 27 April 2016 on the protection of natural persons with regard to the processing of personal data and on the free movement of such data and repealing Directive 95\/46\/EC (General Data Protection Regulation, GDPR), as well as Organic Law 3\/2018 of 5 December on the Protection of Personal Data and Guarantee of Digital Rights.<\/p><p>Durante el proceso de recogida de datos en el portal, usted ser\u00e1 debidamente informado en el propio formulario del car\u00e1cter obligatorio o no de recogida de tales datos para la prestaci\u00f3n de servicios, as\u00ed como de los presentes derechos.<\/p><p>Puede conocer m\u00e1s detalles sobre nuestra pol\u00edtica de protecci\u00f3n de datos personales en el apartado Pol\u00edtica de privacidad de esta p\u00e1gina web.<\/p><h5>3.2 Derechos del Usuario:<\/h5><p>El Usuario podr\u00e1 ejercitar, respecto de los datos recabados, los derechos reconocidos en la legislaci\u00f3n vigente, derechos de acceso, rectificaci\u00f3n, cancelaci\u00f3n o supresi\u00f3n de datos y oposici\u00f3n, as\u00ed como el de portabilidad y limitaci\u00f3n del tratamiento en su caso.<\/p><p>You can exercise these rights by sending a communication indicating in the subject line &quot;EXERCISE OF RIGHTS&quot;, along with the name, surname and ID of the interested party.<\/p><p>In writing to the following address: Calle Toledo, 17 (13071) Ciudad Real.<br \/>Por correo electr\u00f3nico a la direcci\u00f3n <span style=\"text-decoration: underline;\"><strong>protecciondedatos@dipucr.es<\/strong><\/span>.<br \/>Para cualquier cuesti\u00f3n relacionada con la materia de protecci\u00f3n de datos, puede ponerse en contacto con la Delegada de Protecci\u00f3n de Datos (DPD):<\/p><ul><li>Calle Toledo, n\u00ba17 CP 13071 Ciudad Real (Espa\u00f1a)<\/li><li>Correo electr\u00f3nico: <span style=\"text-decoration: underline;\"><strong>dpd@dipucr.es<\/strong><\/span><\/li><li>Tel\u00e9fono de contacto 926 295 646.<\/li><\/ul><p>En cualquiera de esos casos, y a fin de preservar debidamente sus datos personales, deberemos confirmar su identidad, ya sea pidi\u00e9ndole una identificaci\u00f3n o una confirmaci\u00f3n de alguno de sus datos personales<\/p><p>You also have the right to file a complaint with the Spanish Data Protection Agency.<\/p><h4>4. Responsabilidad de TURISMO CAMPO DE MONTIEL<\/h4><p>El Usuario reconoce y acepta que la utilizaci\u00f3n de este sitio web y de sus servicios se realiza bajo su entera responsabilidad.<\/p><p>TURISMO CAMPO DE MONTIEL \u00fanicamente responder\u00e1 de los da\u00f1os que el Usuario pueda sufrir como consecuencia de la utilizaci\u00f3n del portal cuando dichos da\u00f1os sean imputables a una actuaci\u00f3n dolosa o negligente de TURISMO CAMPO DE MONTIEL.<\/p><p>No obstante, TURISMO CAMPO DE MONTIEL declara haber adoptado todas las medidas necesarias, dentro de sus posibilidades y del estado de la tecnolog\u00eda, para garantizar el funcionamiento de este sitio web y evitar la existencia y transmisi\u00f3n de malware y otros componentes que puedan perjudicar al Usuario.<\/p><h4>5. Responsabilidad del Usuario<\/h4><p>El acceso y la utilizaci\u00f3n de los servicios contenidos en este Sitio Web conlleva la plena aceptaci\u00f3n de las condiciones generales de utilizaci\u00f3n expresadas en el presente documento.<\/p><p>El usuario se compromete a utilizar los contenidos (entendiendo por \u00abcontenidos\u00bb los textos, gr\u00e1ficos, planos, dibujos, dise\u00f1os, gu\u00edas, c\u00f3digos, software, fotograf\u00edas, m\u00fasica, v\u00eddeos, sonidos, bases de datos, im\u00e1genes, informaciones, enlaces o cualesquiera otra creaci\u00f3n protegida por las leyes nacionales y los tratados internacionales sobre propiedad intelectual e industrial), as\u00ed como los servicios ofrecidos, de forma correcta y l\u00edcita, de acuerdo con la ley, la moral y las buenas costumbres generalmente aceptadas. En este sentido, el usuario se compromete a no reproducir, distribuir, transformar, modificar o manipular los contenidos, as\u00ed como los dispositivos t\u00e9cnicos de protecci\u00f3n o de configuraci\u00f3n del sitio web; en consecuencia, el usuario, en ning\u00fan caso, utilizar\u00e1 medios distintos de los que el sitio web haya puesto a su disposici\u00f3n con el fin de obtener cualquier clase de material, informaci\u00f3n o archivos incluidos en la misma.<\/p><p>De acuerdo con lo anterior y con car\u00e1cter general, TURISMO CAMPO DE MONTIEL no autoriza la reproducci\u00f3n, transformaci\u00f3n, modificaci\u00f3n o manipulaci\u00f3n de sus marcas y signos distintivos por los usuarios ni la utilizaci\u00f3n de los mismos para promoci\u00f3n de su propia actividad ni, en modo alguno, creando situaciones de confusi\u00f3n en el mercado.<\/p><p>Asimismo, el usuario se abstendr\u00e1 de realizar actividades que puedan da\u00f1ar, inutilizar, sobrecargar o deteriorar las p\u00e1ginas, o impedir la normal utilizaci\u00f3n o disfrute del Sitio Web y de los servicios por parte de los dem\u00e1s usuarios.<\/p><p><strong>ENLACES<\/strong>: El Usuario no podr\u00e1 establecer enlaces desde otro sitio web sin la previa autorizaci\u00f3n expresa y escrita de TURISMO CAMPO DE MONTIEL.<\/p><h4>6. Uso de Cookies<\/h4><p>El uso de cookies a trav\u00e9s de este sitio web se regir\u00e1 por lo establecido en la Pol\u00edtica de Cookies.<\/p><h4>7. Derechos de autor<\/h4><p>Todas las im\u00e1genes usadas en este website son propiedad de la Diputaci\u00f3n de Ciudad Real para TURISMO CAMPO DE MONTIEL.<br \/>El track de m\u00fasica usado en los v\u00eddeos de los municipios y de los recursos tienen la soguiente atribuci\u00f3n:<br \/>Music track: Champions by Walen<br \/>Source: https:\/\/freetouse.com\/music<br \/>Royalty Free Music for Videos (Safe)<\/p><h4>8. R\u00e9gimen Jur\u00eddico<\/h4><p>Las relaciones establecidas entre el usuario y el titular del Portal se regir\u00e1n por lo dispuesto en la normativa vigente acerca de la legislaci\u00f3n aplicable y la jurisdicci\u00f3n competente. Estas condiciones generales se rigen por la Ley espa\u00f1ola.<\/p><p>TURISMO CAMPO DE MONTIEL y el Usuario, con renuncia a cualquier otro fuero, se someten a los Juzgados y Tribunales de Ciudad Real.<\/p>\t\t\t\t\t\t\t\t<\/div>\n\t\t\t\t\t<\/div>\n\t\t\t\t<\/div>\n\t\t\t\t<\/div>","protected":false},"excerpt":{"rendered":"<p>Avisos Legales 1. Titularidad del portal Este Sitio Web es una creaci\u00f3n de la Diputaci\u00f3n de Ciudad Real para TURISMO CAMPO DE MONTIEL con domicilio en Ciudad Real, Calle Toledo, [&hellip;]<\/p>\n","protected":false},"author":1,"featured_media":0,"parent":0,"menu_order":0,"comment_status":"closed","ping_status":"closed","template":"","meta":{"_acf_changed":false,"footnotes":""},"class_list":["post-3214","page","type-page","status-publish","hentry"],"acf":[],"yoast_head":"<!-- This site is optimized with the Yoast SEO plugin v27.6 - https:\/\/yoast.com\/product\/yoast-seo-wordpress\/ -->\n<title>Avisos Legales - Campo de Montiel<\/title>\n<meta name=\"robots\" content=\"index, follow, max-snippet:-1, max-image-preview:large, max-video-preview:-1\" \/>\n<link rel=\"canonical\" href=\"https:\/\/turismocampodemontiel.es\/en\/avisos-legales\/\" \/>\n<meta property=\"og:locale\" content=\"en_GB\" \/>\n<meta property=\"og:type\" content=\"article\" \/>\n<meta property=\"og:title\" content=\"Avisos Legales - Campo de Montiel\" \/>\n<meta property=\"og:description\" content=\"Avisos Legales 1. Titularidad del portal Este Sitio Web es una creaci\u00f3n de la Diputaci\u00f3n de Ciudad Real para TURISMO CAMPO DE MONTIEL con domicilio en Ciudad Real, Calle Toledo, [&hellip;]\" \/>\n<meta property=\"og:url\" content=\"https:\/\/turismocampodemontiel.es\/en\/avisos-legales\/\" \/>\n<meta property=\"og:site_name\" content=\"Campo de Montiel\" \/>\n<meta property=\"article:modified_time\" content=\"2026-04-10T07:11:12+00:00\" \/>\n<meta property=\"og:image\" content=\"https:\/\/turismocampodemontiel.es\/wp-content\/uploads\/2026\/01\/Membrilla-general-06.webp\" \/>\n\t<meta property=\"og:image:width\" content=\"1280\" \/>\n\t<meta property=\"og:image:height\" content=\"960\" \/>\n\t<meta property=\"og:image:type\" content=\"image\/webp\" \/>\n<meta name=\"twitter:card\" content=\"summary_large_image\" \/>\n<meta name=\"twitter:label1\" content=\"Estimated reading time\" \/>\n\t<meta name=\"twitter:data1\" content=\"6 minutes\" \/>\n<script type=\"application\/ld+json\" class=\"yoast-schema-graph\">{\"@context\":\"https:\\\/\\\/schema.org\",\"@graph\":[{\"@type\":\"WebPage\",\"@id\":\"https:\\\/\\\/turismocampodemontiel.es\\\/avisos-legales\\\/\",\"url\":\"https:\\\/\\\/turismocampodemontiel.es\\\/avisos-legales\\\/\",\"name\":\"Avisos Legales - Campo de Montiel\",\"isPartOf\":{\"@id\":\"https:\\\/\\\/turismocampodemontiel.es\\\/#website\"},\"datePublished\":\"2026-03-17T07:27:21+00:00\",\"dateModified\":\"2026-04-10T07:11:12+00:00\",\"breadcrumb\":{\"@id\":\"https:\\\/\\\/turismocampodemontiel.es\\\/avisos-legales\\\/#breadcrumb\"},\"inLanguage\":\"en-GB\",\"potentialAction\":[{\"@type\":\"ReadAction\",\"target\":[\"https:\\\/\\\/turismocampodemontiel.es\\\/avisos-legales\\\/\"]}]},{\"@type\":\"BreadcrumbList\",\"@id\":\"https:\\\/\\\/turismocampodemontiel.es\\\/avisos-legales\\\/#breadcrumb\",\"itemListElement\":[{\"@type\":\"ListItem\",\"position\":1,\"name\":\"Portada\",\"item\":\"https:\\\/\\\/turismocampodemontiel.es\\\/\"},{\"@type\":\"ListItem\",\"position\":2,\"name\":\"Avisos Legales\"}]},{\"@type\":\"WebSite\",\"@id\":\"https:\\\/\\\/turismocampodemontiel.es\\\/#website\",\"url\":\"https:\\\/\\\/turismocampodemontiel.es\\\/\",\"name\":\"Turismo Campo de Montiel\",\"description\":\"Destino tur\u00edstico Campo de Montiel\",\"publisher\":{\"@id\":\"https:\\\/\\\/turismocampodemontiel.es\\\/#organization\"},\"alternateName\":\"Campo Montiel\",\"potentialAction\":[{\"@type\":\"SearchAction\",\"target\":{\"@type\":\"EntryPoint\",\"urlTemplate\":\"https:\\\/\\\/turismocampodemontiel.es\\\/?s={search_term_string}\"},\"query-input\":{\"@type\":\"PropertyValueSpecification\",\"valueRequired\":true,\"valueName\":\"search_term_string\"}}],\"inLanguage\":\"en-GB\"},{\"@type\":\"Organization\",\"@id\":\"https:\\\/\\\/turismocampodemontiel.es\\\/#organization\",\"name\":\"Turismo Campo de Montiel\",\"url\":\"https:\\\/\\\/turismocampodemontiel.es\\\/\",\"logo\":{\"@type\":\"ImageObject\",\"inLanguage\":\"en-GB\",\"@id\":\"https:\\\/\\\/turismocampodemontiel.es\\\/#\\\/schema\\\/logo\\\/image\\\/\",\"url\":\"https:\\\/\\\/turismocampodemontiel.es\\\/wp-content\\\/uploads\\\/2026\\\/03\\\/logotipo-campo-montiel-pwa-192x192-1.png\",\"contentUrl\":\"https:\\\/\\\/turismocampodemontiel.es\\\/wp-content\\\/uploads\\\/2026\\\/03\\\/logotipo-campo-montiel-pwa-192x192-1.png\",\"width\":192,\"height\":192,\"caption\":\"Turismo Campo de Montiel\"},\"image\":{\"@id\":\"https:\\\/\\\/turismocampodemontiel.es\\\/#\\\/schema\\\/logo\\\/image\\\/\"}}]}<\/script>\n<!-- \/ Yoast SEO plugin. -->","yoast_head_json":{"title":"Avisos Legales - Campo de Montiel","robots":{"index":"index","follow":"follow","max-snippet":"max-snippet:-1","max-image-preview":"max-image-preview:large","max-video-preview":"max-video-preview:-1"},"canonical":"https:\/\/turismocampodemontiel.es\/en\/avisos-legales\/","og_locale":"en_GB","og_type":"article","og_title":"Avisos Legales - Campo de Montiel","og_description":"Avisos Legales 1. Titularidad del portal Este Sitio Web es una creaci\u00f3n de la Diputaci\u00f3n de Ciudad Real para TURISMO CAMPO DE MONTIEL con domicilio en Ciudad Real, Calle Toledo, [&hellip;]","og_url":"https:\/\/turismocampodemontiel.es\/en\/avisos-legales\/","og_site_name":"Campo de Montiel","article_modified_time":"2026-04-10T07:11:12+00:00","og_image":[{"width":1280,"height":960,"url":"https:\/\/turismocampodemontiel.es\/wp-content\/uploads\/2026\/01\/Membrilla-general-06.webp","type":"image\/webp"}],"twitter_card":"summary_large_image","twitter_misc":{"Estimated reading time":"6 minutes"},"schema":{"@context":"https:\/\/schema.org","@graph":[{"@type":"WebPage","@id":"https:\/\/turismocampodemontiel.es\/avisos-legales\/","url":"https:\/\/turismocampodemontiel.es\/avisos-legales\/","name":"Avisos Legales - Campo de Montiel","isPartOf":{"@id":"https:\/\/turismocampodemontiel.es\/#website"},"datePublished":"2026-03-17T07:27:21+00:00","dateModified":"2026-04-10T07:11:12+00:00","breadcrumb":{"@id":"https:\/\/turismocampodemontiel.es\/avisos-legales\/#breadcrumb"},"inLanguage":"en-GB","potentialAction":[{"@type":"ReadAction","target":["https:\/\/turismocampodemontiel.es\/avisos-legales\/"]}]},{"@type":"BreadcrumbList","@id":"https:\/\/turismocampodemontiel.es\/avisos-legales\/#breadcrumb","itemListElement":[{"@type":"ListItem","position":1,"name":"Portada","item":"https:\/\/turismocampodemontiel.es\/"},{"@type":"ListItem","position":2,"name":"Avisos Legales"}]},{"@type":"WebSite","@id":"https:\/\/turismocampodemontiel.es\/#website","url":"https:\/\/turismocampodemontiel.es\/","name":"Turismo Campo de Montiel","description":"Destino tur\u00edstico Campo de Montiel","publisher":{"@id":"https:\/\/turismocampodemontiel.es\/#organization"},"alternateName":"Campo Montiel","potentialAction":[{"@type":"SearchAction","target":{"@type":"EntryPoint","urlTemplate":"https:\/\/turismocampodemontiel.es\/?s={search_term_string}"},"query-input":{"@type":"PropertyValueSpecification","valueRequired":true,"valueName":"search_term_string"}}],"inLanguage":"en-GB"},{"@type":"Organization","@id":"https:\/\/turismocampodemontiel.es\/#organization","name":"Turismo Campo de Montiel","url":"https:\/\/turismocampodemontiel.es\/","logo":{"@type":"ImageObject","inLanguage":"en-GB","@id":"https:\/\/turismocampodemontiel.es\/#\/schema\/logo\/image\/","url":"https:\/\/turismocampodemontiel.es\/wp-content\/uploads\/2026\/03\/logotipo-campo-montiel-pwa-192x192-1.png","contentUrl":"https:\/\/turismocampodemontiel.es\/wp-content\/uploads\/2026\/03\/logotipo-campo-montiel-pwa-192x192-1.png","width":192,"height":192,"caption":"Turismo Campo de Montiel"},"image":{"@id":"https:\/\/turismocampodemontiel.es\/#\/schema\/logo\/image\/"}}]}},"_links":{"self":[{"href":"https:\/\/turismocampodemontiel.es\/en\/wp-json\/wp\/v2\/pages\/3214","targetHints":{"allow":["GET"]}}],"collection":[{"href":"https:\/\/turismocampodemontiel.es\/en\/wp-json\/wp\/v2\/pages"}],"about":[{"href":"https:\/\/turismocampodemontiel.es\/en\/wp-json\/wp\/v2\/types\/page"}],"author":[{"embeddable":true,"href":"https:\/\/turismocampodemontiel.es\/en\/wp-json\/wp\/v2\/users\/1"}],"replies":[{"embeddable":true,"href":"https:\/\/turismocampodemontiel.es\/en\/wp-json\/wp\/v2\/comments?post=3214"}],"version-history":[{"count":37,"href":"https:\/\/turismocampodemontiel.es\/en\/wp-json\/wp\/v2\/pages\/3214\/revisions"}],"predecessor-version":[{"id":5711,"href":"https:\/\/turismocampodemontiel.es\/en\/wp-json\/wp\/v2\/pages\/3214\/revisions\/5711"}],"wp:attachment":[{"href":"https:\/\/turismocampodemontiel.es\/en\/wp-json\/wp\/v2\/media?parent=3214"}],"curies":[{"name":"wp","href":"https:\/\/api.w.org\/{rel}","templated":true}]}}