{"id":3239,"date":"2026-03-17T08:52:53","date_gmt":"2026-03-17T08:52:53","guid":{"rendered":"https:\/\/turismocampodemontiel.es\/?page_id=3239"},"modified":"2026-03-17T18:29:38","modified_gmt":"2026-03-17T18:29:38","slug":"politica-de-privacidad","status":"publish","type":"page","link":"https:\/\/turismocampodemontiel.es\/en\/politica-de-privacidad\/","title":{"rendered":"Privacy Policy"},"content":{"rendered":"<div data-elementor-type=\"wp-page\" data-elementor-id=\"3239\" class=\"elementor elementor-3239\" data-elementor-post-type=\"page\">\n\t\t\t\t<div class=\"elementor-element elementor-element-c0447de e-con-full e-flex e-con e-parent\" data-id=\"c0447de\" data-element_type=\"container\" data-e-type=\"container\" data-settings=\"{&quot;background_background&quot;:&quot;classic&quot;}\">\n\t\t\t\t<div class=\"elementor-element elementor-element-c5a6918 elementor-view-framed elementor-shape-rounded elementor-position-block-start elementor-mobile-position-block-start elementor-widget elementor-widget-icon-box\" data-id=\"c5a6918\" data-element_type=\"widget\" data-e-type=\"widget\" data-widget_type=\"icon-box.default\">\n\t\t\t\t\t\t\t<div class=\"elementor-icon-box-wrapper\">\n\n\t\t\t\t\t\t<div class=\"elementor-icon-box-icon\">\n\t\t\t\t<span  class=\"elementor-icon\">\n\t\t\t\t<svg aria-hidden=\"true\" class=\"e-font-icon-svg e-fas-user-shield\" viewbox=\"0 0 640 512\" xmlns=\"http:\/\/www.w3.org\/2000\/svg\"><path d=\"M622.3 271.1l-115.2-45c-4.1-1.6-12.6-3.7-22.2 0l-115.2 45c-10.7 4.2-17.7 14-17.7 24.9 0 111.6 68.7 188.8 132.9 213.9 9.6 3.7 18 1.6 22.2 0C558.4 489.9 640 420.5 640 296c0-10.9-7-20.7-17.7-24.9zM496 462.4V273.3l95.5 37.3c-5.6 87.1-60.9 135.4-95.5 151.8zM224 256c70.7 0 128-57.3 128-128S294.7 0 224 0 96 57.3 96 128s57.3 128 128 128zm96 40c0-2.5.8-4.8 1.1-7.2-2.5-.1-4.9-.8-7.5-.8h-16.7c-22.2 10.2-46.9 16-72.9 16s-50.6-5.8-72.9-16h-16.7C60.2 288 0 348.2 0 422.4V464c0 26.5 21.5 48 48 48h352c6.8 0 13.3-1.5 19.2-4-54-42.9-99.2-116.7-99.2-212z\"><\/path><\/svg>\t\t\t\t<\/span>\n\t\t\t<\/div>\n\t\t\t\n\t\t\t\t\t\t<div class=\"elementor-icon-box-content\">\n\n\t\t\t\t\t\t\t\t\t<h1 class=\"elementor-icon-box-title\">\n\t\t\t\t\t\t<span  >\n\t\t\t\t\t\t\tPrivacy Policy\t\t\t\t\t\t<\/span>\n\t\t\t\t\t<\/h1>\n\t\t\t\t\n\t\t\t\t\n\t\t\t<\/div>\n\t\t\t\n\t\t<\/div>\n\t\t\t\t\t\t<\/div>\n\t\t\t\t<\/div>\n\t\t<div class=\"elementor-element elementor-element-5622388 e-flex e-con-boxed e-con e-parent\" data-id=\"5622388\" data-element_type=\"container\" data-e-type=\"container\">\n\t\t\t\t\t<div class=\"e-con-inner\">\n\t\t\t\t<div class=\"elementor-element elementor-element-d719e94 elementor-widget elementor-widget-text-editor\" data-id=\"d719e94\" data-element_type=\"widget\" data-e-type=\"widget\" data-widget_type=\"text-editor.default\">\n\t\t\t\t\t\t\t\t\t<p>This privacy policy explains what personal data we collect when you interact with the Provincial Council of Ciudad Real regarding CAMPO DE MONTIEL TOURISM, and how we use it. Your privacy is important to us, so please read this policy carefully before entering your personal data and make sure you understand it correctly.<\/p><p>To offer the greatest legal guarantee regarding the protection of user data, the website turismocampodemontiel.es complies with the requirements of Regulation (EU) 2016\/679 of the European Parliament and of the Council of 27 April 2016 on the protection of natural persons with regard to the processing of personal data and on the free movement of such data and repealing Directive 95\/46\/EC (General Data Protection Regulation, GDPR), as well as Organic Law 3\/2018 of 5 December on the Protection of Personal Data and Guarantee of Digital Rights.<\/p><p>You can consult a detailed account of each of the processing activities carried out by TURISMO CAMPO DE MONTIEL in the Register of Processing Activities (detailed at the end of this document). This is in compliance with Article 30 of the GDPR, as well as the provisions of Article 31 of the Spanish Organic Law on the Protection of Personal Data and Guarantee of Digital Rights.<\/p><h4>1. Data Controller<\/h4><p>The entity responsible for processing your personal data is the Provincial Council of Ciudad Real, with tax identification number P1300000E, and postal address at Calle Toledo, n\u00ba17 CP 13071 Ciudad Real, Spain, contact telephone number 926292575 and email address protecciondedatos@dipucr.es<\/p><p>\u00a0<\/p><h4>2. Data Controller<\/h4><p>The entity responsible for processing your personal data is the Provincial Council of Ciudad Real, with CIF P1300000E, and postal address at Calle Toledo, n\u00ba17 CP 13071 Ciudad Real, Spain, contact telephone number 926292575 and email address protecciondedatos@dipucr.es.<\/p><p>\u00a0<\/p><h4>3. Data Protection Officer (DPO)<\/h4><p>To exercise your rights or address any issue related to data protection, the Provincial Council of Ciudad Real has appointed a Data Protection Officer (DPO). You can contact them at: Calle Toledo, n\u00ba17 CP 13071 Ciudad Real (Spain); email: dpd@dipucr.es; telephone: +34 926 295 646<\/p><p>The personal data collected in the form are contact details for the purpose of responding to communications from website users.<\/p><p>\u00a0<\/p><h4>4. Purposes of the Processing<\/h4><p>To provide you with better service tailored to your needs and the highest possible quality, we process and manage your data only for the purposes for which it was collected, in order to fulfill the services offered by the TURISMO CAMPO DE MONTIEL website. We do not use your data for profiling or for any purpose other than that for which it was collected.<\/p><p>\u00a0<\/p><h4>5. Data retention period<\/h4><p>We will retain the personal data you provide for as long as necessary to offer you the requested service, in accordance with the stated purposes and applicable legal provisions, as well as to determine any potential liabilities. We will also retain your data for archiving and documentation purposes in accordance with current regulations.<\/p><p>If the purpose of the processing requires your express consent, we will keep your data for the time necessary to offer you the service you request, until you exercise your right to erasure.<\/p><p>\u00a0<\/p><h4>6. Legal basis for processing the data<\/h4><p>The legal basis that allows TURISMO CAMPO DE MONTIEL to process personal data is the consent of the data subject. This consent must be given through a clear, affirmative, freely given, specific, unambiguous, and informed action. The personal data provided will be kept until you withdraw your consent to this processing, without prejudice to your right to erasure and objection, and in any case, for the limitation periods required by current legislation.<\/p><p>\u00a0<\/p><h4>7. Communication of personal data<\/h4><p>As a general rule, the personal data collected will not be disclosed to third parties, except for legitimate reasons and in accordance with applicable law. However, your data may be disclosed to &quot;Data Processors,&quot; whose involvement we require to provide our services. These processors will act at all times in accordance with our instructions to ensure the proper and correct processing of your data, and will have only the necessary access for the purposes for which it is processed.<\/p><p>Also, please note that a law may require TURISMO CAMPO DE MONTIEL to disclose your personal data to a judicial or administrative authority or for any other legally established reason.<\/p><p>\u00a0<\/p><h4>8. Principles on Contracting<\/h4><h5>Data Processors<\/h5><p>Prior to contracting any service provider that accesses personal data that is the responsibility of TURISMO CAMPO DE MONTIEL (Diputaci\u00f3n de Ciudad Real), as well as during the term of the contractual relationship, the entity itself will verify that the service provider meets the necessary guarantees and complies with the security measures required by law.<\/p><p>\u00a0<\/p><h4>9. International data transfers<\/h4><p><br \/>International transfers of your data are not planned.<\/p><p>\u00a0<\/p><h4>10. Exercise of rights<\/h4><p><br \/>The data subject has the right to obtain information about the processing of their personal data by TURISMO CAMPO DE MONTIEL (Diputaci\u00f3n de Ciudad Real). They may exercise their rights of access, rectification, erasure, restriction of processing, and data portability, as well as the right not to be subject to decisions based solely on automated processing of their data.<\/p><p>You also have the right to withdraw your consent to the processing at any time, without affecting the lawfulness of the processing based on the consent prior to its withdrawal, in the cases where it is legally appropriate.<\/p><p>\u00a0<\/p><h4>11. Right of access<\/h4><p><br \/>You have the right to know:<\/p><ul><li>Whether or not we are processing personal data concerning you.<\/li><li>The origin of your data, if you did not provide it to us.<\/li><li>The purposes of processing your data.<\/li><li>The categories of data in question.<\/li><li>The recipients or categories of recipients to whom the personal data have been or will be disclosed.<\/li><li>If possible, the expected retention period for personal data (or, if not possible, the criteria used to determine this period).<\/li><li>The right to lodge a complaint with a supervisory authority.<\/li><li>If we make automated decisions - including profiling - using your personal data.<\/li><\/ul><p>\u00a0<\/p><h4>12. Right of rectification<\/h4><p>You have the right to have your personal data rectified:<\/p><ul><li>Completing them, if they are incomplete.<\/li><li>Updating or correcting them, if for any reason they no longer reflect current reality or are inaccurate.<\/li><li>By exercising the right to rectification, we will ensure that all your personal data is accurate and complete.<\/li><\/ul><p>\u00a0<\/p><h4>13. Right of erasure<\/h4><p>You have the right to have your personal data deleted when any of the following conditions apply:<\/p><ul><li>This data is no longer needed for the purposes for which it was collected or processed.<\/li><li>You withdraw the consent on which we base the processing of your data and this cannot be supported by another legal basis.<\/li><li>You have successfully exercised your right to object to the processing of your data.<\/li><li>Personal data has been unlawfully processed.<\/li><\/ul><p>\u00a0<\/p><h4>14. Right to restriction of processing<\/h4><p>You will have the right to obtain the restriction of the processing of your personal data (i.e., that we retain them without using them for the intended purposes) provided that one of the following conditions is met:<\/p><ul><li>You request the rectification of your personal data, for a period that allows TURISMO CAMPO DE MONTIEL (Diputaci\u00f3n de Ciudad Real) as the responsible party to verify the accuracy of the same.<\/li><li>The processing is unlawful and you oppose the deletion of personal data, requesting instead the limitation of its use.<\/li><li>You have objected to the processing while it is being verified whether the legitimate reasons of TURISMO CAMPO DE MONTIEL (Diputaci\u00f3n de Ciudad Real) prevail over your right.<\/li><\/ul><p>\u00a0<\/p><h4>15. Right of objection<\/h4><p>You have the right to ask us to stop using your personal data, for example, when you believe that the personal data we hold about you may be incorrect or you believe that we no longer need to use it.<\/p><p>You can exercise these rights by sending a communication indicating in the subject line &quot;EXERCISE OF RIGHTS&quot;, along with the name, surname and ID of the interested party.<\/p><p>In writing to the following address: Calle Toledo, 17 (13071) Ciudad Real.<br \/>By email to protecciondedatos@dipucr.es.<\/p><p>In any of these cases, in order to properly preserve your personal data, we will need to confirm your identity, either by asking you for identification or confirmation of some of your personal data.<\/p><p>TURISMO CAMPO DE MONTIEL will review your request, assessing its legality, and will inform you of the measures taken within one month of receiving it. This period may be extended by a maximum of two additional months if necessary, taking into account the complexity and number of requests. In the latter case, the Ciudad Real Provincial Council will inform the applicant of these extensions within one month of receiving the request and will respond to requests through the same channel used by the user, unless otherwise specified.<\/p><p>For further information or clarification regarding your rights in the protection of personal data, you can contact our Data Protection Officer at dpd@dipucr.es<\/p><p>You also have the right to file a complaint with the Spanish Data Protection Agency.<\/p><p>\u00a0<\/p><h4>16. Principles of Treatment<\/h4><p>As the data controller, TURISMO CAMPO DE MONTIEL applies the following principles when processing your personal data:<\/p><p>Principle of lawfulness, fairness and transparency: We will always require your consent for the processing of your personal data, for one or more specific purposes, and we will inform you of this beforehand with absolute transparency.<br \/>Principle of data minimization: We will only request the data strictly necessary in relation to the purposes for which it is required.<br \/>Principle of limitation of the storage period: the data will be kept for no longer than necessary for the purposes of the processing, depending on the purpose, we will inform you of the corresponding storage period.<br \/>Principle of integrity and confidentiality: Your data will be processed in a way that ensures adequate security and confidentiality. Please be aware that we take all necessary precautions to prevent unauthorized access to or misuse of our users&#039; data by third parties.<\/p><p>\u00a0<\/p><h4>17. Principle of accuracy and truthfulness of the Data<\/h4><p>The interested party guarantees that the data provided to TURISMO CAMPO DE MONTIEL (Diputaci\u00f3n de Ciudad Real) through the different available means are correct and truthful, and is obliged to communicate any modification or inaccuracy of the same.<\/p><p>As the interested party, you are solely responsible for the truthfulness and accuracy of your data, exonerating TURISMO CAMPO DE MONTIEL (Diputaci\u00f3n de Ciudad Real) from any liability, damages or losses arising in this regard.<\/p><p>TURISMO CAMPO DE MONTIEL needs to manage your personal data in order to allow it to properly handle communications received through the contact form.<\/p><p>The legal basis for processing your personal data is your consent, as well as the provision of a service. Your data will be retained until you withdraw your consent and, thereafter, solely for archiving, documentation, administrative, and\/or legal purposes. Only with your explicit consent may your data be retained for a period longer than that legally required.<\/p><p>\u00a0<\/p><h4>18. Use of Cookies<\/h4><p>The use of cookies through this website will be governed by the provisions of the Cookie Policy accessible from the portal.<\/p><p>\u00a0<\/p><h4>19. Security and Confidentiality Measures<\/h4><p>The Provincial Council of Ciudad Real, as the data controller, will implement the necessary technical and organizational measures to guarantee the security of personal data and prevent its loss, alteration, or unauthorized access, taking into account the technology, the nature of the stored data, and the risks to which it is exposed. Likewise, the absolute confidentiality of the data is guaranteed, and due secrecy will be maintained regarding it.<\/p><p>The Provincial Council of Ciudad Real will regularly verify, evaluate and audit the effectiveness of these measures, updating them as necessary in accordance with the results of these evaluations.<\/p><p>The security measures implemented are in accordance with the provisions of the first additional provision of the LOPD-GDD, and correspond to those applied in accordance with Annex II (Security Measures) of Royal Decree 311\/2022, of May 3, which regulates the National Security Scheme.<\/p><p>\u00a0<\/p><h4>20. Changes to the privacy policy<\/h4><p>The Provincial Council of Ciudad Real reserves the right to modify this privacy policy to adapt it to new legislation or case law. In such cases, it will announce the changes on this page.<\/p>\t\t\t\t\t\t\t\t<\/div>\n\t\t\t\t\t<\/div>\n\t\t\t\t<\/div>\n\t\t\t\t<\/div>","protected":false},"excerpt":{"rendered":"<p>Pol\u00edtica de privacidad En esta pol\u00edtica de privacidad le explicamos qu\u00e9 datos personales recogemos en la interacci\u00f3n que usted lleva a cabo con la Diputaci\u00f3n Provincial de Ciudad Real en [&hellip;]<\/p>\n","protected":false},"author":1,"featured_media":0,"parent":0,"menu_order":0,"comment_status":"closed","ping_status":"closed","template":"","meta":{"_acf_changed":false,"footnotes":""},"class_list":["post-3239","page","type-page","status-publish","hentry"],"acf":[],"yoast_head":"<!-- This site is optimized with the Yoast SEO plugin v27.6 - https:\/\/yoast.com\/product\/yoast-seo-wordpress\/ -->\n<title>Pol\u00edtica de privacidad - Campo de Montiel<\/title>\n<meta name=\"robots\" content=\"index, follow, max-snippet:-1, max-image-preview:large, max-video-preview:-1\" \/>\n<link rel=\"canonical\" href=\"https:\/\/turismocampodemontiel.es\/en\/politica-de-privacidad\/\" \/>\n<meta property=\"og:locale\" content=\"en_GB\" \/>\n<meta property=\"og:type\" content=\"article\" \/>\n<meta property=\"og:title\" content=\"Pol\u00edtica de privacidad - Campo de Montiel\" \/>\n<meta property=\"og:description\" content=\"Pol\u00edtica de privacidad En esta pol\u00edtica de privacidad le explicamos qu\u00e9 datos personales recogemos en la interacci\u00f3n que usted lleva a cabo con la Diputaci\u00f3n Provincial de Ciudad Real en [&hellip;]\" \/>\n<meta property=\"og:url\" content=\"https:\/\/turismocampodemontiel.es\/en\/politica-de-privacidad\/\" \/>\n<meta property=\"og:site_name\" content=\"Campo de Montiel\" \/>\n<meta property=\"article:modified_time\" content=\"2026-03-17T18:29:38+00:00\" \/>\n<meta property=\"og:image\" content=\"https:\/\/turismocampodemontiel.es\/wp-content\/uploads\/2026\/01\/Membrilla-general-06.webp\" \/>\n\t<meta property=\"og:image:width\" content=\"1280\" \/>\n\t<meta property=\"og:image:height\" content=\"960\" \/>\n\t<meta property=\"og:image:type\" content=\"image\/webp\" \/>\n<meta name=\"twitter:card\" content=\"summary_large_image\" \/>\n<meta name=\"twitter:label1\" content=\"Estimated reading time\" \/>\n\t<meta name=\"twitter:data1\" content=\"11 minutes\" \/>\n<script type=\"application\/ld+json\" class=\"yoast-schema-graph\">{\"@context\":\"https:\\\/\\\/schema.org\",\"@graph\":[{\"@type\":\"WebPage\",\"@id\":\"https:\\\/\\\/turismocampodemontiel.es\\\/politica-de-privacidad\\\/\",\"url\":\"https:\\\/\\\/turismocampodemontiel.es\\\/politica-de-privacidad\\\/\",\"name\":\"Pol\u00edtica de privacidad - Campo de Montiel\",\"isPartOf\":{\"@id\":\"https:\\\/\\\/turismocampodemontiel.es\\\/#website\"},\"datePublished\":\"2026-03-17T08:52:53+00:00\",\"dateModified\":\"2026-03-17T18:29:38+00:00\",\"breadcrumb\":{\"@id\":\"https:\\\/\\\/turismocampodemontiel.es\\\/politica-de-privacidad\\\/#breadcrumb\"},\"inLanguage\":\"en-GB\",\"potentialAction\":[{\"@type\":\"ReadAction\",\"target\":[\"https:\\\/\\\/turismocampodemontiel.es\\\/politica-de-privacidad\\\/\"]}]},{\"@type\":\"BreadcrumbList\",\"@id\":\"https:\\\/\\\/turismocampodemontiel.es\\\/politica-de-privacidad\\\/#breadcrumb\",\"itemListElement\":[{\"@type\":\"ListItem\",\"position\":1,\"name\":\"Portada\",\"item\":\"https:\\\/\\\/turismocampodemontiel.es\\\/\"},{\"@type\":\"ListItem\",\"position\":2,\"name\":\"Pol\u00edtica de privacidad\"}]},{\"@type\":\"WebSite\",\"@id\":\"https:\\\/\\\/turismocampodemontiel.es\\\/#website\",\"url\":\"https:\\\/\\\/turismocampodemontiel.es\\\/\",\"name\":\"Turismo Campo de Montiel\",\"description\":\"Destino tur\u00edstico Campo de Montiel\",\"publisher\":{\"@id\":\"https:\\\/\\\/turismocampodemontiel.es\\\/#organization\"},\"alternateName\":\"Campo Montiel\",\"potentialAction\":[{\"@type\":\"SearchAction\",\"target\":{\"@type\":\"EntryPoint\",\"urlTemplate\":\"https:\\\/\\\/turismocampodemontiel.es\\\/?s={search_term_string}\"},\"query-input\":{\"@type\":\"PropertyValueSpecification\",\"valueRequired\":true,\"valueName\":\"search_term_string\"}}],\"inLanguage\":\"en-GB\"},{\"@type\":\"Organization\",\"@id\":\"https:\\\/\\\/turismocampodemontiel.es\\\/#organization\",\"name\":\"Turismo Campo de Montiel\",\"url\":\"https:\\\/\\\/turismocampodemontiel.es\\\/\",\"logo\":{\"@type\":\"ImageObject\",\"inLanguage\":\"en-GB\",\"@id\":\"https:\\\/\\\/turismocampodemontiel.es\\\/#\\\/schema\\\/logo\\\/image\\\/\",\"url\":\"https:\\\/\\\/turismocampodemontiel.es\\\/wp-content\\\/uploads\\\/2026\\\/03\\\/logotipo-campo-montiel-pwa-192x192-1.png\",\"contentUrl\":\"https:\\\/\\\/turismocampodemontiel.es\\\/wp-content\\\/uploads\\\/2026\\\/03\\\/logotipo-campo-montiel-pwa-192x192-1.png\",\"width\":192,\"height\":192,\"caption\":\"Turismo Campo de Montiel\"},\"image\":{\"@id\":\"https:\\\/\\\/turismocampodemontiel.es\\\/#\\\/schema\\\/logo\\\/image\\\/\"}}]}<\/script>\n<!-- \/ Yoast SEO plugin. -->","yoast_head_json":{"title":"Pol\u00edtica de privacidad - Campo de Montiel","robots":{"index":"index","follow":"follow","max-snippet":"max-snippet:-1","max-image-preview":"max-image-preview:large","max-video-preview":"max-video-preview:-1"},"canonical":"https:\/\/turismocampodemontiel.es\/en\/politica-de-privacidad\/","og_locale":"en_GB","og_type":"article","og_title":"Pol\u00edtica de privacidad - Campo de Montiel","og_description":"Pol\u00edtica de privacidad En esta pol\u00edtica de privacidad le explicamos qu\u00e9 datos personales recogemos en la interacci\u00f3n que usted lleva a cabo con la Diputaci\u00f3n Provincial de Ciudad Real en [&hellip;]","og_url":"https:\/\/turismocampodemontiel.es\/en\/politica-de-privacidad\/","og_site_name":"Campo de Montiel","article_modified_time":"2026-03-17T18:29:38+00:00","og_image":[{"width":1280,"height":960,"url":"https:\/\/turismocampodemontiel.es\/wp-content\/uploads\/2026\/01\/Membrilla-general-06.webp","type":"image\/webp"}],"twitter_card":"summary_large_image","twitter_misc":{"Estimated reading time":"11 minutes"},"schema":{"@context":"https:\/\/schema.org","@graph":[{"@type":"WebPage","@id":"https:\/\/turismocampodemontiel.es\/politica-de-privacidad\/","url":"https:\/\/turismocampodemontiel.es\/politica-de-privacidad\/","name":"Pol\u00edtica de privacidad - Campo de Montiel","isPartOf":{"@id":"https:\/\/turismocampodemontiel.es\/#website"},"datePublished":"2026-03-17T08:52:53+00:00","dateModified":"2026-03-17T18:29:38+00:00","breadcrumb":{"@id":"https:\/\/turismocampodemontiel.es\/politica-de-privacidad\/#breadcrumb"},"inLanguage":"en-GB","potentialAction":[{"@type":"ReadAction","target":["https:\/\/turismocampodemontiel.es\/politica-de-privacidad\/"]}]},{"@type":"BreadcrumbList","@id":"https:\/\/turismocampodemontiel.es\/politica-de-privacidad\/#breadcrumb","itemListElement":[{"@type":"ListItem","position":1,"name":"Portada","item":"https:\/\/turismocampodemontiel.es\/"},{"@type":"ListItem","position":2,"name":"Pol\u00edtica de privacidad"}]},{"@type":"WebSite","@id":"https:\/\/turismocampodemontiel.es\/#website","url":"https:\/\/turismocampodemontiel.es\/","name":"Turismo Campo de Montiel","description":"Destino tur\u00edstico Campo de Montiel","publisher":{"@id":"https:\/\/turismocampodemontiel.es\/#organization"},"alternateName":"Campo Montiel","potentialAction":[{"@type":"SearchAction","target":{"@type":"EntryPoint","urlTemplate":"https:\/\/turismocampodemontiel.es\/?s={search_term_string}"},"query-input":{"@type":"PropertyValueSpecification","valueRequired":true,"valueName":"search_term_string"}}],"inLanguage":"en-GB"},{"@type":"Organization","@id":"https:\/\/turismocampodemontiel.es\/#organization","name":"Turismo Campo de Montiel","url":"https:\/\/turismocampodemontiel.es\/","logo":{"@type":"ImageObject","inLanguage":"en-GB","@id":"https:\/\/turismocampodemontiel.es\/#\/schema\/logo\/image\/","url":"https:\/\/turismocampodemontiel.es\/wp-content\/uploads\/2026\/03\/logotipo-campo-montiel-pwa-192x192-1.png","contentUrl":"https:\/\/turismocampodemontiel.es\/wp-content\/uploads\/2026\/03\/logotipo-campo-montiel-pwa-192x192-1.png","width":192,"height":192,"caption":"Turismo Campo de Montiel"},"image":{"@id":"https:\/\/turismocampodemontiel.es\/#\/schema\/logo\/image\/"}}]}},"_links":{"self":[{"href":"https:\/\/turismocampodemontiel.es\/en\/wp-json\/wp\/v2\/pages\/3239","targetHints":{"allow":["GET"]}}],"collection":[{"href":"https:\/\/turismocampodemontiel.es\/en\/wp-json\/wp\/v2\/pages"}],"about":[{"href":"https:\/\/turismocampodemontiel.es\/en\/wp-json\/wp\/v2\/types\/page"}],"author":[{"embeddable":true,"href":"https:\/\/turismocampodemontiel.es\/en\/wp-json\/wp\/v2\/users\/1"}],"replies":[{"embeddable":true,"href":"https:\/\/turismocampodemontiel.es\/en\/wp-json\/wp\/v2\/comments?post=3239"}],"version-history":[{"count":13,"href":"https:\/\/turismocampodemontiel.es\/en\/wp-json\/wp\/v2\/pages\/3239\/revisions"}],"predecessor-version":[{"id":3405,"href":"https:\/\/turismocampodemontiel.es\/en\/wp-json\/wp\/v2\/pages\/3239\/revisions\/3405"}],"wp:attachment":[{"href":"https:\/\/turismocampodemontiel.es\/en\/wp-json\/wp\/v2\/media?parent=3239"}],"curies":[{"name":"wp","href":"https:\/\/api.w.org\/{rel}","templated":true}]}}