{"id":3248,"date":"2026-03-17T09:07:30","date_gmt":"2026-03-17T09:07:30","guid":{"rendered":"https:\/\/turismocampodemontiel.es\/?page_id=3248"},"modified":"2026-03-17T18:28:17","modified_gmt":"2026-03-17T18:28:17","slug":"politica-de-cookies","status":"publish","type":"page","link":"https:\/\/turismocampodemontiel.es\/en\/politica-de-cookies\/","title":{"rendered":"Cookies policy"},"content":{"rendered":"<div data-elementor-type=\"wp-page\" data-elementor-id=\"3248\" class=\"elementor elementor-3248\" data-elementor-post-type=\"page\">\n\t\t\t\t<div class=\"elementor-element elementor-element-7b30ee1 e-flex e-con-boxed e-con e-parent\" data-id=\"7b30ee1\" data-element_type=\"container\" data-e-type=\"container\" data-settings=\"{&quot;background_background&quot;:&quot;classic&quot;}\">\n\t\t\t\t\t<div class=\"e-con-inner\">\n\t\t\t\t<div class=\"elementor-element elementor-element-c1090d5 elementor-view-framed elementor-shape-rounded elementor-position-block-start elementor-mobile-position-block-start elementor-widget elementor-widget-icon-box\" data-id=\"c1090d5\" data-element_type=\"widget\" data-e-type=\"widget\" data-widget_type=\"icon-box.default\">\n\t\t\t\t\t\t\t<div class=\"elementor-icon-box-wrapper\">\n\n\t\t\t\t\t\t<div class=\"elementor-icon-box-icon\">\n\t\t\t\t<span  class=\"elementor-icon\">\n\t\t\t\t<svg aria-hidden=\"true\" class=\"e-font-icon-svg e-fas-cookie-bite\" viewbox=\"0 0 512 512\" xmlns=\"http:\/\/www.w3.org\/2000\/svg\"><path d=\"M510.52 255.82c-69.97-.85-126.47-57.69-126.47-127.86-70.17 0-127-56.49-127.86-126.45-27.26-4.14-55.13.3-79.72 12.82l-69.13 35.22a132.221 132.221 0 0 0-57.79 57.81l-35.1 68.88a132.645 132.645 0 0 0-12.82 80.95l12.08 76.27a132.521 132.521 0 0 0 37.16 72.96l54.77 54.76a132.036 132.036 0 0 0 72.71 37.06l76.71 12.15c27.51 4.36 55.7-.11 80.53-12.76l69.13-35.21a132.273 132.273 0 0 0 57.79-57.81l35.1-68.88c12.56-24.64 17.01-52.58 12.91-79.91zM176 368c-17.67 0-32-14.33-32-32s14.33-32 32-32 32 14.33 32 32-14.33 32-32 32zm32-160c-17.67 0-32-14.33-32-32s14.33-32 32-32 32 14.33 32 32-14.33 32-32 32zm160 128c-17.67 0-32-14.33-32-32s14.33-32 32-32 32 14.33 32 32-14.33 32-32 32z\"><\/path><\/svg>\t\t\t\t<\/span>\n\t\t\t<\/div>\n\t\t\t\n\t\t\t\t\t\t<div class=\"elementor-icon-box-content\">\n\n\t\t\t\t\t\t\t\t\t<h1 class=\"elementor-icon-box-title\">\n\t\t\t\t\t\t<span  >\n\t\t\t\t\t\t\tCookies policy\t\t\t\t\t\t<\/span>\n\t\t\t\t\t<\/h1>\n\t\t\t\t\n\t\t\t\t\n\t\t\t<\/div>\n\t\t\t\n\t\t<\/div>\n\t\t\t\t\t\t<\/div>\n\t\t\t\t\t<\/div>\n\t\t\t\t<\/div>\n\t\t<div class=\"elementor-element elementor-element-e639ca3 e-flex e-con-boxed e-con e-parent\" data-id=\"e639ca3\" data-element_type=\"container\" data-e-type=\"container\">\n\t\t\t\t\t<div class=\"e-con-inner\">\n\t\t\t\t<div class=\"elementor-element elementor-element-5785ed9 elementor-widget elementor-widget-text-editor\" data-id=\"5785ed9\" data-element_type=\"widget\" data-e-type=\"widget\" data-widget_type=\"text-editor.default\">\n\t\t\t\t\t\t\t\t\t<p>El dominio www.turismocampodemontiel.es utiliza procedimientos autom\u00e1ticos de recogida (Cookies) para reunir informaci\u00f3n personal como puede ser el tipo de navegador o sistema operativo, p\u00e1gina de referencia, ruta, dominio ISP (Proveedor de Internet), etc. todo ello con el fin de mejorar los servicios prestados. Las Cookies nos ayudan a adaptar \u00e9sta p\u00e1gina web a sus necesidades personales.<\/p><p>Una \u00abCookie\u00bb es un peque\u00f1o archivo que se almacena en el ordenador del usuario y nos permite reconocerle. El conjunto de \u00abcookies\u00bb nos ayuda a mejorar la calidad de nuestra web, permiti\u00e9ndonos as\u00ed personalizar hasta cierto punto la navegaci\u00f3n de cada usuario por nuestra web. Las cookies actualmente son esenciales para el funcionamiento de internet, aportando innumerables ventajas en la prestaci\u00f3n de servicios interactivos, facilit\u00e1ndole la navegaci\u00f3n y usabilidad de nuestra web.<\/p><p>Tenga en cuenta que las cookies no pueden da\u00f1ar su equipo y que, a cambio, el que est\u00e9n activadas nos ayudan a identificar y resolver los errores y mejorar la navegabilidad de nuestro sitio.<\/p><p>\u00a0<\/p><h4>Tipolog\u00eda de cookies<\/h4><p>Para una mayor informaci\u00f3n del usuario sobre la tipolog\u00eda y uso de las cookies le informamos que:<\/p><p>Desde el punto de vista de <strong>\u2018tiempo de vida\u2019<\/strong> de la cookie (tiempo que la cookie permanece activa en nuestro equipo) podemos diferenciar las cookies entre:<\/p><ul><li><span style=\"text-decoration: underline;\">Cookies de sesi\u00f3n:<\/span> son cookies temporales que permanecen en el archivo de cookies de su navegador hasta que abandone la p\u00e1gina web, por lo que ninguna queda registrada en el disco duro del usuario. La informaci\u00f3n obtenida por medio de estas cookies, sirve para analizar pautas de tr\u00e1fico en la web. A la larga, esto nos permite proporcionar una mejor experiencia para mejorar el contenido y facilitando su uso.<\/li><li><span style=\"text-decoration: underline;\">Cookies permanentes:<\/span> son almacenadas en el disco duro y nuestra web las lee cada vez que usted realiza una nueva visita. Una cookie permanente posee una fecha de expiraci\u00f3n determinada. La cookie dejar\u00e1 de funcionar despu\u00e9s de esa fecha. Las utilizamos, generalmente, para facilitar los servicios de compra y registro.<\/li><\/ul><p>Desde el punto de vista del uso de cada cookie, podemos diferenciar entre:<\/p><ul><li><span style=\"text-decoration: underline;\">Cookies Requeridas:<\/span> son las cookies estrictamente necesarias como por ejemplo, aquellas que sirvan para una correcta navegaci\u00f3n o las que permitan realizar el pago de bienes o servicios solicitados por el usuario o cookies que sirvan para asegurar que el contenido de la p\u00e1gina web se carga eficazmente. Dentro de la categor\u00eda de cookies requeridas se pueden encontrar tambi\u00e9n cookies con las siguientes finalidades:<ul><li>Permitir \u00fanicamente la comunicaci\u00f3n entre el equipo del usuario y la red.<\/li><li>Estrictamente prestar un servicio expresamente solicitado por el usuario.<\/li><\/ul><\/li><\/ul><p>En estos dos casos le informamos que no se requiere la informaci\u00f3n y el consentimiento del usuario para la instalaci\u00f3n de las referidas cookies. En concreto, seg\u00fan el Grupo de Trabajo de Expertos de la UE, en el Art\u00edculo 29 de su Dictamen 4\/2013 ha interpretado que entre las cookies exceptuadas estar\u00edan aquellas que tienen por finalidad:<\/p><ul><li style=\"list-style-type: none;\"><ul><li>Cookies de \u00abentrada del usuario\u00bb.<\/li><li>Cookies de autenticaci\u00f3n o identificaci\u00f3n de usuario (\u00fanicamente de sesi\u00f3n).<\/li><li>Cookies de seguridad del usuario.<\/li><li>Cookies de sesi\u00f3n de reproductor multimedia.<\/li><li>Cookies de sesi\u00f3n para equilibrar la carga.<\/li><li>Cookies de personalizaci\u00f3n de la interfaz de usuario.<\/li><li>Cookies de complemento (plug-in) para intercambiar contenidos sociales.<\/li><\/ul><\/li><\/ul><p>Para todo el resto de cookies Requeridas no incluidas en los anteriores supuestos requerir\u00e1n la informaci\u00f3n previa y el consentimiento del usuario.<\/p><ul><li><span style=\"text-decoration: underline;\">Cookies Funcionales (anal\u00edticas):<\/span> son cookies que nos permiten analizar el uso del Sitio web, de manera que podamos medir y mejorar el funcionamiento.<\/li><li><span style=\"text-decoration: underline;\">Cookies de Publicidad y de Terceros:<\/span> son las cookies usadas por redes sociales, o por complementos externos de contenido como Google Maps como tambi\u00e9n cookies de empresas publicitarias para publicar anuncios relevantes para sus intereses.<\/li><\/ul><p>\u00a0<\/p><p>TURISMO CAMPO DE MONTIEL guarda toda la informaci\u00f3n recogida a trav\u00e9s de las Cookies en un formato no personalizado (direcci\u00f3n de IP). Este tipo de informaci\u00f3n obtenida a trav\u00e9s de las Cookies no ser\u00e1 revelada fuera de TURISMO CAMPO DE MONTIEL, ni utilizada para comunicaciones no solicitadas.<\/p><p>\u00a0<\/p><h4>Privacidad adecuada &#8211; Gesti\u00f3n de cookies<\/h4><p>En caso que el usuario lo quisiera, el registro de las cookies podr\u00e1 estar sujeto a su aceptaci\u00f3n durante la instalaci\u00f3n o puesta al d\u00eda del navegador usado. El usuario puede en todo momento revocar su aceptaci\u00f3n mediante las opciones de configuraci\u00f3n de contenidos y privacidad disponibles en cada navegador. No obstante, en caso que el usuario no permita la instalaci\u00f3n de cookies en su navegador es posible que no pueda acceder a alguna de las secciones de nuestro sitio web.<\/p><p>Para m\u00e1s informaci\u00f3n sobre la configuraci\u00f3n apropiada de las cookies y las opciones de activaci\u00f3n, restricci\u00f3n y\/o inhabilitaci\u00f3n se debe acudir en la secci\u00f3n de ayuda de su navegador para conocer m\u00e1s:<\/p><ul><li>M\u00e1s informaci\u00f3n sobre como bloquear el uso de las cookies en Google Chrome.<\/li><li>M\u00e1s informaci\u00f3n sobre como bloquear el uso de las cookies en Firefox.<\/li><li>M\u00e1s informaci\u00f3n sobre como bloquear el uso de las cookies en Internet Explorer.<\/li><li>M\u00e1s informaci\u00f3n sobre como bloquear el uso de las cookies en Safari.<\/li><\/ul><p>\u00a0<\/p><p>Muchos navegadores permiten activar un modo privado mediante el cual las cookies se borran siempre despu\u00e9s de su visita. Dependiendo de cada navegador este modo privado, puede tener diferentes nombres. A continuaci\u00f3n encontrar\u00e1 una lista de los navegadores m\u00e1s comunes y los diferentes nombres de este \u00abmodo privado\u00bb:<\/p><ul><li>Internet Explorer 8 y superior; InPrivate.<\/li><li>Safari 2 y superior; Navegaci\u00f3n Privada.<\/li><li>Opera 10.5 y superior; Navegaci\u00f3n Privada.<\/li><li>FireFox 3.5 y superior; Navegaci\u00f3n Privada.<\/li><\/ul><p>\u00a0<\/p>\t\t\t\t\t\t\t\t<\/div>\n\t\t\t\t\t<\/div>\n\t\t\t\t<\/div>\n\t\t\t\t<\/div>","protected":false},"excerpt":{"rendered":"<p>Pol\u00edtica de cookies El dominio www.turismocampodemontiel.es utiliza procedimientos autom\u00e1ticos de recogida (Cookies) para reunir informaci\u00f3n personal como puede ser el tipo de navegador o sistema operativo, p\u00e1gina de referencia, ruta, [&hellip;]<\/p>\n","protected":false},"author":1,"featured_media":0,"parent":0,"menu_order":0,"comment_status":"closed","ping_status":"closed","template":"","meta":{"_acf_changed":false,"footnotes":""},"class_list":["post-3248","page","type-page","status-publish","hentry"],"acf":[],"yoast_head":"<!-- This site is optimized with the Yoast SEO plugin v27.6 - https:\/\/yoast.com\/product\/yoast-seo-wordpress\/ -->\n<title>Pol\u00edtica de cookies - Campo de Montiel<\/title>\n<meta name=\"robots\" content=\"index, follow, max-snippet:-1, max-image-preview:large, max-video-preview:-1\" \/>\n<link rel=\"canonical\" href=\"https:\/\/turismocampodemontiel.es\/en\/politica-de-cookies\/\" \/>\n<meta property=\"og:locale\" content=\"en_GB\" \/>\n<meta property=\"og:type\" content=\"article\" \/>\n<meta property=\"og:title\" content=\"Pol\u00edtica de cookies - Campo de Montiel\" \/>\n<meta property=\"og:description\" content=\"Pol\u00edtica de cookies El dominio www.turismocampodemontiel.es utiliza procedimientos autom\u00e1ticos de recogida (Cookies) para reunir informaci\u00f3n personal como puede ser el tipo de navegador o sistema operativo, p\u00e1gina de referencia, ruta, [&hellip;]\" \/>\n<meta property=\"og:url\" content=\"https:\/\/turismocampodemontiel.es\/en\/politica-de-cookies\/\" \/>\n<meta property=\"og:site_name\" content=\"Campo de Montiel\" \/>\n<meta property=\"article:modified_time\" content=\"2026-03-17T18:28:17+00:00\" \/>\n<meta property=\"og:image\" content=\"https:\/\/turismocampodemontiel.es\/wp-content\/uploads\/2026\/01\/Membrilla-general-06.webp\" \/>\n\t<meta property=\"og:image:width\" content=\"1280\" \/>\n\t<meta property=\"og:image:height\" content=\"960\" \/>\n\t<meta property=\"og:image:type\" content=\"image\/webp\" \/>\n<meta name=\"twitter:card\" content=\"summary_large_image\" \/>\n<meta name=\"twitter:label1\" content=\"Estimated reading time\" \/>\n\t<meta name=\"twitter:data1\" content=\"5 minutes\" \/>\n<script type=\"application\/ld+json\" class=\"yoast-schema-graph\">{\"@context\":\"https:\\\/\\\/schema.org\",\"@graph\":[{\"@type\":\"WebPage\",\"@id\":\"https:\\\/\\\/turismocampodemontiel.es\\\/politica-de-cookies\\\/\",\"url\":\"https:\\\/\\\/turismocampodemontiel.es\\\/politica-de-cookies\\\/\",\"name\":\"Pol\u00edtica de cookies - Campo de Montiel\",\"isPartOf\":{\"@id\":\"https:\\\/\\\/turismocampodemontiel.es\\\/#website\"},\"datePublished\":\"2026-03-17T09:07:30+00:00\",\"dateModified\":\"2026-03-17T18:28:17+00:00\",\"breadcrumb\":{\"@id\":\"https:\\\/\\\/turismocampodemontiel.es\\\/politica-de-cookies\\\/#breadcrumb\"},\"inLanguage\":\"en-GB\",\"potentialAction\":[{\"@type\":\"ReadAction\",\"target\":[\"https:\\\/\\\/turismocampodemontiel.es\\\/politica-de-cookies\\\/\"]}]},{\"@type\":\"BreadcrumbList\",\"@id\":\"https:\\\/\\\/turismocampodemontiel.es\\\/politica-de-cookies\\\/#breadcrumb\",\"itemListElement\":[{\"@type\":\"ListItem\",\"position\":1,\"name\":\"Portada\",\"item\":\"https:\\\/\\\/turismocampodemontiel.es\\\/\"},{\"@type\":\"ListItem\",\"position\":2,\"name\":\"Pol\u00edtica de cookies\"}]},{\"@type\":\"WebSite\",\"@id\":\"https:\\\/\\\/turismocampodemontiel.es\\\/#website\",\"url\":\"https:\\\/\\\/turismocampodemontiel.es\\\/\",\"name\":\"Turismo Campo de Montiel\",\"description\":\"Destino tur\u00edstico Campo de Montiel\",\"publisher\":{\"@id\":\"https:\\\/\\\/turismocampodemontiel.es\\\/#organization\"},\"alternateName\":\"Campo Montiel\",\"potentialAction\":[{\"@type\":\"SearchAction\",\"target\":{\"@type\":\"EntryPoint\",\"urlTemplate\":\"https:\\\/\\\/turismocampodemontiel.es\\\/?s={search_term_string}\"},\"query-input\":{\"@type\":\"PropertyValueSpecification\",\"valueRequired\":true,\"valueName\":\"search_term_string\"}}],\"inLanguage\":\"en-GB\"},{\"@type\":\"Organization\",\"@id\":\"https:\\\/\\\/turismocampodemontiel.es\\\/#organization\",\"name\":\"Turismo Campo de Montiel\",\"url\":\"https:\\\/\\\/turismocampodemontiel.es\\\/\",\"logo\":{\"@type\":\"ImageObject\",\"inLanguage\":\"en-GB\",\"@id\":\"https:\\\/\\\/turismocampodemontiel.es\\\/#\\\/schema\\\/logo\\\/image\\\/\",\"url\":\"https:\\\/\\\/turismocampodemontiel.es\\\/wp-content\\\/uploads\\\/2026\\\/03\\\/logotipo-campo-montiel-pwa-192x192-1.png\",\"contentUrl\":\"https:\\\/\\\/turismocampodemontiel.es\\\/wp-content\\\/uploads\\\/2026\\\/03\\\/logotipo-campo-montiel-pwa-192x192-1.png\",\"width\":192,\"height\":192,\"caption\":\"Turismo Campo de Montiel\"},\"image\":{\"@id\":\"https:\\\/\\\/turismocampodemontiel.es\\\/#\\\/schema\\\/logo\\\/image\\\/\"}}]}<\/script>\n<!-- \/ Yoast SEO plugin. -->","yoast_head_json":{"title":"Pol\u00edtica de cookies - Campo de Montiel","robots":{"index":"index","follow":"follow","max-snippet":"max-snippet:-1","max-image-preview":"max-image-preview:large","max-video-preview":"max-video-preview:-1"},"canonical":"https:\/\/turismocampodemontiel.es\/en\/politica-de-cookies\/","og_locale":"en_GB","og_type":"article","og_title":"Pol\u00edtica de cookies - Campo de Montiel","og_description":"Pol\u00edtica de cookies El dominio www.turismocampodemontiel.es utiliza procedimientos autom\u00e1ticos de recogida (Cookies) para reunir informaci\u00f3n personal como puede ser el tipo de navegador o sistema operativo, p\u00e1gina de referencia, ruta, [&hellip;]","og_url":"https:\/\/turismocampodemontiel.es\/en\/politica-de-cookies\/","og_site_name":"Campo de Montiel","article_modified_time":"2026-03-17T18:28:17+00:00","og_image":[{"width":1280,"height":960,"url":"https:\/\/turismocampodemontiel.es\/wp-content\/uploads\/2026\/01\/Membrilla-general-06.webp","type":"image\/webp"}],"twitter_card":"summary_large_image","twitter_misc":{"Estimated reading time":"5 minutes"},"schema":{"@context":"https:\/\/schema.org","@graph":[{"@type":"WebPage","@id":"https:\/\/turismocampodemontiel.es\/politica-de-cookies\/","url":"https:\/\/turismocampodemontiel.es\/politica-de-cookies\/","name":"Pol\u00edtica de cookies - Campo de Montiel","isPartOf":{"@id":"https:\/\/turismocampodemontiel.es\/#website"},"datePublished":"2026-03-17T09:07:30+00:00","dateModified":"2026-03-17T18:28:17+00:00","breadcrumb":{"@id":"https:\/\/turismocampodemontiel.es\/politica-de-cookies\/#breadcrumb"},"inLanguage":"en-GB","potentialAction":[{"@type":"ReadAction","target":["https:\/\/turismocampodemontiel.es\/politica-de-cookies\/"]}]},{"@type":"BreadcrumbList","@id":"https:\/\/turismocampodemontiel.es\/politica-de-cookies\/#breadcrumb","itemListElement":[{"@type":"ListItem","position":1,"name":"Portada","item":"https:\/\/turismocampodemontiel.es\/"},{"@type":"ListItem","position":2,"name":"Pol\u00edtica de cookies"}]},{"@type":"WebSite","@id":"https:\/\/turismocampodemontiel.es\/#website","url":"https:\/\/turismocampodemontiel.es\/","name":"Turismo Campo de Montiel","description":"Destino tur\u00edstico Campo de Montiel","publisher":{"@id":"https:\/\/turismocampodemontiel.es\/#organization"},"alternateName":"Campo Montiel","potentialAction":[{"@type":"SearchAction","target":{"@type":"EntryPoint","urlTemplate":"https:\/\/turismocampodemontiel.es\/?s={search_term_string}"},"query-input":{"@type":"PropertyValueSpecification","valueRequired":true,"valueName":"search_term_string"}}],"inLanguage":"en-GB"},{"@type":"Organization","@id":"https:\/\/turismocampodemontiel.es\/#organization","name":"Turismo Campo de Montiel","url":"https:\/\/turismocampodemontiel.es\/","logo":{"@type":"ImageObject","inLanguage":"en-GB","@id":"https:\/\/turismocampodemontiel.es\/#\/schema\/logo\/image\/","url":"https:\/\/turismocampodemontiel.es\/wp-content\/uploads\/2026\/03\/logotipo-campo-montiel-pwa-192x192-1.png","contentUrl":"https:\/\/turismocampodemontiel.es\/wp-content\/uploads\/2026\/03\/logotipo-campo-montiel-pwa-192x192-1.png","width":192,"height":192,"caption":"Turismo Campo de Montiel"},"image":{"@id":"https:\/\/turismocampodemontiel.es\/#\/schema\/logo\/image\/"}}]}},"_links":{"self":[{"href":"https:\/\/turismocampodemontiel.es\/en\/wp-json\/wp\/v2\/pages\/3248","targetHints":{"allow":["GET"]}}],"collection":[{"href":"https:\/\/turismocampodemontiel.es\/en\/wp-json\/wp\/v2\/pages"}],"about":[{"href":"https:\/\/turismocampodemontiel.es\/en\/wp-json\/wp\/v2\/types\/page"}],"author":[{"embeddable":true,"href":"https:\/\/turismocampodemontiel.es\/en\/wp-json\/wp\/v2\/users\/1"}],"replies":[{"embeddable":true,"href":"https:\/\/turismocampodemontiel.es\/en\/wp-json\/wp\/v2\/comments?post=3248"}],"version-history":[{"count":13,"href":"https:\/\/turismocampodemontiel.es\/en\/wp-json\/wp\/v2\/pages\/3248\/revisions"}],"predecessor-version":[{"id":3402,"href":"https:\/\/turismocampodemontiel.es\/en\/wp-json\/wp\/v2\/pages\/3248\/revisions\/3402"}],"wp:attachment":[{"href":"https:\/\/turismocampodemontiel.es\/en\/wp-json\/wp\/v2\/media?parent=3248"}],"curies":[{"name":"wp","href":"https:\/\/api.w.org\/{rel}","templated":true}]}}